{"id":2029,"date":"2026-01-09T13:54:21","date_gmt":"2026-01-09T13:54:21","guid":{"rendered":"https:\/\/libroparts.com\/?page_id=2029"},"modified":"2026-01-09T14:00:45","modified_gmt":"2026-01-09T14:00:45","slug":"mentions-legales","status":"publish","type":"page","link":"https:\/\/libroparts.com\/en\/mentions-legales\/","title":{"rendered":"Mentions l\u00e9gales"},"content":{"rendered":"<div data-elementor-type=\"wp-page\" data-elementor-id=\"2029\" class=\"elementor elementor-2029\" data-elementor-settings=\"{&quot;ha_cmc_init_switcher&quot;:&quot;no&quot;}\" data-elementor-post-type=\"page\">\n\t\t\t\t<div class=\"elementor-element elementor-element-091286d e-flex e-con-boxed wpr-particle-no wpr-jarallax-no wpr-parallax-no wpr-sticky-section-no wpr-equal-height-no e-con e-parent\" data-id=\"091286d\" data-element_type=\"container\" data-e-type=\"container\" data-settings=\"{&quot;_ha_eqh_enable&quot;:false,&quot;ekit_has_onepagescroll_dot&quot;:&quot;yes&quot;}\">\n\t\t\t\t\t<div class=\"e-con-inner\">\n\t\t\t\t<div class=\"elementor-element elementor-element-3a7ad98 elementor-widget elementor-widget-text-editor\" data-id=\"3a7ad98\" data-element_type=\"widget\" data-e-type=\"widget\" data-settings=\"{&quot;ekit_we_effect_on&quot;:&quot;none&quot;}\" data-widget_type=\"text-editor.default\">\n\t\t\t\t\t\t\t\t\t<h3>1. \u00c9diteur du site<\/h3><p>Le pr\u00e9sent site est \u00e9dit\u00e9 par :<\/p><p><strong>Nom commercial :<\/strong> Libro Parts<br \/><strong>Raison sociale :<\/strong> ZOE BUSINESS<br \/><strong>Forme juridique :<\/strong> Entreprise individuelle<br \/><strong>Adresse du si\u00e8ge social :<\/strong><br \/>3 chemin Vieux Bourg<br \/>97111 Morne-\u00e0-l\u2019Eau<br \/>Guadeloupe<\/p><p><strong>T\u00e9l\u00e9phone :<\/strong> +590 690 07 41 78<br \/><strong>Email :<\/strong> <a href=\"mailto:contact@libroparts.com\">contact@libroparts.com<\/a><\/p><p><strong>Activit\u00e9 :<\/strong> Vente de pi\u00e8ces d\u00e9tach\u00e9es automobiles<br \/><strong>Client\u00e8le :<\/strong> Particuliers et professionnels<\/p><hr \/><h3>2. Directeur de la publication<\/h3><p>Le directeur de la publication est <strong>ZOE BUSINESS<\/strong>, en qualit\u00e9 de responsable l\u00e9gal.<\/p><hr \/><h3>3. H\u00e9bergement du site<\/h3><p>Le site est h\u00e9berg\u00e9 par :<\/p><p><strong>H\u00e9bergeur :<\/strong> Hostinger International Ltd<br \/><strong>Adresse :<\/strong><br \/>61 Lordou Vironos Street<br \/>6023 Larnaca<br \/>Chypre<\/p><p><strong>Site web :<\/strong> <a href=\"https:\/\/www.hostinger.fr\/\">https:\/\/www.hostinger.fr<\/a><\/p><hr \/><h3>4. Propri\u00e9t\u00e9 intellectuelle<\/h3><p>L\u2019ensemble du contenu pr\u00e9sent sur le site <strong>libroparts.com<\/strong> (textes, images, logos, graphismes, vid\u00e9os, structure) est la propri\u00e9t\u00e9 exclusive de <strong>ZOE BUSINESS<\/strong>, sauf mentions contraires.<\/p><p>Toute reproduction, repr\u00e9sentation, modification ou exploitation, totale ou partielle, sans autorisation \u00e9crite pr\u00e9alable est strictement interdite.<\/p><hr \/><h3>5. Responsabilit\u00e9<\/h3><p>ZOE BUSINESS s\u2019efforce de fournir des informations exactes et \u00e0 jour.<br \/>Toutefois, l\u2019entreprise ne saurait \u00eatre tenue responsable :<\/p><ul><li><p>d\u2019erreurs ou omissions,<\/p><\/li><li><p>d\u2019une indisponibilit\u00e9 temporaire du site,<\/p><\/li><li><p>de l\u2019utilisation faite des informations pr\u00e9sentes sur le site.<\/p><\/li><\/ul><hr \/><h3>6. Liens hypertextes<\/h3><p>Le site peut contenir des liens vers des sites tiers.<br \/>ZOE BUSINESS n\u2019exerce aucun contr\u00f4le sur ces sites et d\u00e9cline toute responsabilit\u00e9 quant \u00e0 leur contenu.<\/p><hr \/><h3>7. Donn\u00e9es personnelles<\/h3><p>Les informations personnelles collect\u00e9es via le site sont utilis\u00e9es uniquement dans le cadre de la relation commerciale (commandes, devis, contact client).<\/p><p>Conform\u00e9ment \u00e0 la r\u00e9glementation en vigueur, l\u2019utilisateur dispose d\u2019un droit d\u2019acc\u00e8s, de rectification et de suppression de ses donn\u00e9es en contactant :<br \/>\ud83d\udce7 <strong><a href=\"mailto:contact@libroparts.com\">contact@libroparts.com<\/a><\/strong><\/p><hr \/><h3>8. Droit applicable<\/h3><p>Le pr\u00e9sent site est soumis au <strong>droit fran\u00e7ais<\/strong>.<br \/>Tout litige sera soumis aux tribunaux comp\u00e9tents de <strong>Guadeloupe<\/strong>.<\/p>\t\t\t\t\t\t\t\t<\/div>\n\t\t\t\t\t<\/div>\n\t\t\t\t<\/div>\n\t\t\t\t<\/div>\n\t\t\n    <div class=\"xs_social_share_widget xs_share_url after_content \t\tmain_content  wslu-style-1 wslu-share-box-shaped wslu-fill-colored wslu-none wslu-share-horizontal wslu-theme-font-no wslu-main_content\">\n\n\t\t\n        <ul>\n\t\t\t        <\/ul>\n    <\/div>","protected":false},"excerpt":{"rendered":"<p>1. \u00c9diteur du site Le pr\u00e9sent site est \u00e9dit\u00e9 par : Nom commercial : Libro PartsRaison sociale : ZOE BUSINESSForme juridique : Entreprise individuelleAdresse du si\u00e8ge social :3 chemin Vieux Bourg97111 Morne-\u00e0-l\u2019EauGuadeloupe T\u00e9l\u00e9phone : +590 690 07 41 78Email : contact@libroparts.com Activit\u00e9 : Vente de pi\u00e8ces d\u00e9tach\u00e9es automobilesClient\u00e8le : Particuliers et professionnels 2. Directeur de la publication Le directeur de la publication est ZOE BUSINESS, en qualit\u00e9 de responsable l\u00e9gal. 3. H\u00e9bergement du site Le site est h\u00e9berg\u00e9 par : H\u00e9bergeur : Hostinger International LtdAdresse :61 Lordou Vironos Street6023 LarnacaChypre Site web : https:\/\/www.hostinger.fr 4. Propri\u00e9t\u00e9 intellectuelle L\u2019ensemble du contenu pr\u00e9sent sur le site libroparts.com (textes, images, logos, graphismes, vid\u00e9os, structure) est la propri\u00e9t\u00e9 exclusive de ZOE BUSINESS, sauf mentions contraires. Toute reproduction, repr\u00e9sentation, modification ou exploitation, totale ou partielle, sans autorisation \u00e9crite pr\u00e9alable est strictement interdite. 5. Responsabilit\u00e9 ZOE BUSINESS s\u2019efforce de fournir des informations exactes et \u00e0 jour.Toutefois, l\u2019entreprise ne saurait \u00eatre tenue responsable : d\u2019erreurs ou omissions, d\u2019une indisponibilit\u00e9 temporaire du site, de l\u2019utilisation faite des informations pr\u00e9sentes sur le site. 6. Liens hypertextes Le site peut contenir des liens vers des sites tiers.ZOE BUSINESS n\u2019exerce aucun contr\u00f4le sur ces sites et d\u00e9cline toute responsabilit\u00e9 quant \u00e0 leur contenu. 7. Donn\u00e9es personnelles Les informations personnelles collect\u00e9es via le site sont utilis\u00e9es uniquement dans le cadre de la relation commerciale (commandes, devis, contact client). Conform\u00e9ment \u00e0 la r\u00e9glementation en vigueur, l\u2019utilisateur dispose d\u2019un droit d\u2019acc\u00e8s, de rectification et de suppression de ses donn\u00e9es en contactant :\ud83d\udce7 contact@libroparts.com 8. Droit applicable Le pr\u00e9sent site est soumis au droit fran\u00e7ais.Tout litige sera soumis aux tribunaux comp\u00e9tents de Guadeloupe.<\/p>","protected":false},"author":1,"featured_media":0,"parent":0,"menu_order":0,"comment_status":"closed","ping_status":"closed","template":"","meta":{"_acf_changed":false,"postBodyCss":"","postBodyMargin":[],"postBodyPadding":[],"postBodyBackground":{"backgroundType":"classic","gradient":""},"site-sidebar-layout":"no-sidebar","site-content-layout":"","ast-site-content-layout":"full-width-container","site-content-style":"default","site-sidebar-style":"default","ast-global-header-display":"","ast-banner-title-visibility":"","ast-main-header-display":"","ast-hfb-above-header-display":"","ast-hfb-below-header-display":"","ast-hfb-mobile-header-display":"","site-post-title":"","ast-breadcrumbs-content":"","ast-featured-img":"disabled","footer-sml-layout":"","ast-disable-related-posts":"","theme-transparent-header-meta":"","adv-header-id-meta":"","stick-header-meta":"","header-above-stick-meta":"","header-main-stick-meta":"","header-below-stick-meta":"","astra-migrate-meta-layouts":"default","ast-page-background-enabled":"default","ast-page-background-meta":{"desktop":{"background-color":"var(--ast-global-color-5)","background-image":"","background-repeat":"repeat","background-position":"center center","background-size":"auto","background-attachment":"scroll","background-type":"","background-media":"","overlay-type":"","overlay-color":"","overlay-opacity":"","overlay-gradient":""},"tablet":{"background-color":"","background-image":"","background-repeat":"repeat","background-position":"center center","background-size":"auto","background-attachment":"scroll","background-type":"","background-media":"","overlay-type":"","overlay-color":"","overlay-opacity":"","overlay-gradient":""},"mobile":{"background-color":"","background-image":"","background-repeat":"repeat","background-position":"center center","background-size":"auto","background-attachment":"scroll","background-type":"","background-media":"","overlay-type":"","overlay-color":"","overlay-opacity":"","overlay-gradient":""}},"ast-content-background-meta":{"desktop":{"background-color":"var(--ast-global-color-4)","background-image":"","background-repeat":"repeat","background-position":"center center","background-size":"auto","background-attachment":"scroll","background-type":"","background-media":"","overlay-type":"","overlay-color":"","overlay-opacity":"","overlay-gradient":""},"tablet":{"background-color":"var(--ast-global-color-4)","background-image":"","background-repeat":"repeat","background-position":"center center","background-size":"auto","background-attachment":"scroll","background-type":"","background-media":"","overlay-type":"","overlay-color":"","overlay-opacity":"","overlay-gradient":""},"mobile":{"background-color":"var(--ast-global-color-4)","background-image":"","background-repeat":"repeat","background-position":"center center","background-size":"auto","background-attachment":"scroll","background-type":"","background-media":"","overlay-type":"","overlay-color":"","overlay-opacity":"","overlay-gradient":""}},"footnotes":""},"class_list":["post-2029","page","type-page","status-publish","hentry"],"acf":[],"_links":{"self":[{"href":"https:\/\/libroparts.com\/en\/wp-json\/wp\/v2\/pages\/2029","targetHints":{"allow":["GET"]}}],"collection":[{"href":"https:\/\/libroparts.com\/en\/wp-json\/wp\/v2\/pages"}],"about":[{"href":"https:\/\/libroparts.com\/en\/wp-json\/wp\/v2\/types\/page"}],"author":[{"embeddable":true,"href":"https:\/\/libroparts.com\/en\/wp-json\/wp\/v2\/users\/1"}],"replies":[{"embeddable":true,"href":"https:\/\/libroparts.com\/en\/wp-json\/wp\/v2\/comments?post=2029"}],"version-history":[{"count":7,"href":"https:\/\/libroparts.com\/en\/wp-json\/wp\/v2\/pages\/2029\/revisions"}],"predecessor-version":[{"id":2037,"href":"https:\/\/libroparts.com\/en\/wp-json\/wp\/v2\/pages\/2029\/revisions\/2037"}],"wp:attachment":[{"href":"https:\/\/libroparts.com\/en\/wp-json\/wp\/v2\/media?parent=2029"}],"curies":[{"name":"wp","href":"https:\/\/api.w.org\/{rel}","templated":true}]}}